{"id":924,"date":"2020-07-13T08:04:37","date_gmt":"2020-07-13T08:04:37","guid":{"rendered":"https:\/\/dktilspanien.dk\/inspektionsreise\/"},"modified":"2020-07-13T08:04:37","modified_gmt":"2020-07-13T08:04:37","slug":"inspektionsreise","status":"publish","type":"page","link":"https:\/\/dktilspanien.dk\/de\/inspektionsreise\/","title":{"rendered":"Inspektionsreise"},"content":{"rendered":"\t\t<div data-elementor-type=\"wp-page\" data-elementor-id=\"924\" class=\"elementor elementor-924 elementor-77\" data-elementor-post-type=\"page\">\n\t\t\t\t\t\t<section class=\"elementor-section elementor-top-section elementor-element elementor-element-3f655cb elementor-section-boxed elementor-section-height-default elementor-section-height-default\" data-id=\"3f655cb\" data-element_type=\"section\">\n\t\t\t\t\t\t<div class=\"elementor-container elementor-column-gap-no\">\n\t\t\t\t\t<div class=\"elementor-column elementor-col-100 elementor-top-column elementor-element elementor-element-c05a953\" data-id=\"c05a953\" data-element_type=\"column\">\n\t\t\t<div class=\"elementor-widget-wrap elementor-element-populated\">\n\t\t\t\t\t\t<section class=\"elementor-section elementor-inner-section elementor-element elementor-element-aa7c7d7 elementor-section-boxed elementor-section-height-default elementor-section-height-default\" data-id=\"aa7c7d7\" data-element_type=\"section\">\n\t\t\t\t\t\t<div class=\"elementor-container elementor-column-gap-no\">\n\t\t\t\t\t<div class=\"elementor-column elementor-col-33 elementor-inner-column elementor-element elementor-element-8346079\" data-id=\"8346079\" data-element_type=\"column\">\n\t\t\t<div class=\"elementor-widget-wrap elementor-element-populated\">\n\t\t\t\t\t\t<div class=\"elementor-element elementor-element-1fe6d29 elementor-widget-mobile__width-initial elementor-widget elementor-widget-image\" data-id=\"1fe6d29\" data-element_type=\"widget\" data-widget_type=\"image.default\">\n\t\t\t\t<div class=\"elementor-widget-container\">\n\t\t\t\t\t\t\t\t\t\t\t\t\t\t\t<img fetchpriority=\"high\" decoding=\"async\" width=\"284\" height=\"189\" src=\"https:\/\/dktilspanien.dk\/wp-content\/uploads\/2020\/01\/besigtigelsesrejse-1.jpg\" class=\"attachment-full size-full wp-image-668\" alt=\"\" \/>\t\t\t\t\t\t\t\t\t\t\t\t\t\t\t<\/div>\n\t\t\t\t<\/div>\n\t\t\t\t<div class=\"elementor-element elementor-element-d45b67e elementor-widget-mobile__width-initial elementor-widget elementor-widget-image\" data-id=\"d45b67e\" data-element_type=\"widget\" data-widget_type=\"image.default\">\n\t\t\t\t<div class=\"elementor-widget-container\">\n\t\t\t\t\t\t\t\t\t\t\t\t\t\t\t<img decoding=\"async\" width=\"283\" height=\"189\" src=\"https:\/\/dktilspanien.dk\/wp-content\/uploads\/2020\/01\/besigtigelsesrejse-2.jpg\" class=\"attachment-full size-full wp-image-671\" alt=\"\" \/>\t\t\t\t\t\t\t\t\t\t\t\t\t\t\t<\/div>\n\t\t\t\t<\/div>\n\t\t\t\t<div class=\"elementor-element elementor-element-f8714ab elementor-widget-mobile__width-initial elementor-widget elementor-widget-image\" data-id=\"f8714ab\" data-element_type=\"widget\" data-widget_type=\"image.default\">\n\t\t\t\t<div class=\"elementor-widget-container\">\n\t\t\t\t\t\t\t\t\t\t\t\t\t\t\t<img decoding=\"async\" width=\"283\" height=\"188\" src=\"https:\/\/dktilspanien.dk\/wp-content\/uploads\/2020\/01\/besigtigelsesrejse-3.jpg\" class=\"attachment-full size-full wp-image-674\" alt=\"\" \/>\t\t\t\t\t\t\t\t\t\t\t\t\t\t\t<\/div>\n\t\t\t\t<\/div>\n\t\t\t\t<div class=\"elementor-element elementor-element-2bdba79 elementor-widget-mobile__width-initial elementor-widget elementor-widget-image\" data-id=\"2bdba79\" data-element_type=\"widget\" data-widget_type=\"image.default\">\n\t\t\t\t<div class=\"elementor-widget-container\">\n\t\t\t\t\t\t\t\t\t\t\t\t\t\t\t<img loading=\"lazy\" decoding=\"async\" width=\"283\" height=\"189\" src=\"https:\/\/dktilspanien.dk\/wp-content\/uploads\/2020\/01\/besigtigelsesrejse-4.jpg\" class=\"attachment-full size-full wp-image-677\" alt=\"\" \/>\t\t\t\t\t\t\t\t\t\t\t\t\t\t\t<\/div>\n\t\t\t\t<\/div>\n\t\t\t\t<div class=\"elementor-element elementor-element-ee1d115 elementor-widget-mobile__width-initial elementor-widget elementor-widget-image\" data-id=\"ee1d115\" data-element_type=\"widget\" data-widget_type=\"image.default\">\n\t\t\t\t<div class=\"elementor-widget-container\">\n\t\t\t\t\t\t\t\t\t\t\t\t\t\t\t<img loading=\"lazy\" decoding=\"async\" width=\"283\" height=\"189\" src=\"https:\/\/dktilspanien.dk\/wp-content\/uploads\/2020\/01\/besigtigelsesrejse-5.jpg\" class=\"attachment-full size-full wp-image-680\" alt=\"\" \/>\t\t\t\t\t\t\t\t\t\t\t\t\t\t\t<\/div>\n\t\t\t\t<\/div>\n\t\t\t\t\t<\/div>\n\t\t<\/div>\n\t\t\t\t<div class=\"elementor-column elementor-col-33 elementor-inner-column elementor-element elementor-element-d1dbc0a\" data-id=\"d1dbc0a\" data-element_type=\"column\">\n\t\t\t<div class=\"elementor-widget-wrap elementor-element-populated\">\n\t\t\t\t\t\t<div class=\"elementor-element elementor-element-7874500 elementor-widget elementor-widget-heading\" data-id=\"7874500\" data-element_type=\"widget\" data-widget_type=\"heading.default\">\n\t\t\t\t<div class=\"elementor-widget-container\">\n\t\t\t\t\t<h1 class=\"elementor-heading-title elementor-size-default\">Inspektionsreise<\/h1>\t\t\t\t<\/div>\n\t\t\t\t<\/div>\n\t\t\t\t<div class=\"elementor-element elementor-element-32d3802 elementor-widget elementor-widget-text-editor\" data-id=\"32d3802\" data-element_type=\"widget\" data-widget_type=\"text-editor.default\">\n\t\t\t\t<div class=\"elementor-widget-container\">\n\t\t\t\t\t\t\t\t\t<p> Sobald Sie eine Inspektionsreise gebucht haben, bitte ich Sie, ein Kundenprofil auszuf\u00fcllen, in dem Sie mir mitteilen, was Sie sehen m\u00f6chten. Ich werde dann entweder per. Telefon oder per. E-Mail, geben Sie einige Informationen \u00fcber den Kauf eines Hauses in Spanien. Ich werde dann die Inspektionsreise auf der Grundlage der Informationen organisieren, die ich von Ihnen erhalten habe. <\/ P> <\/p>\n<p> Wir helfen Ihnen gerne bei der Organisation aller Inspektionsreisen: <\/ p> <\/p>\n<p> &#8211; Lufttransport von und nach Spanien <br \/ > &#8211; alle Transporte in Spanien <br \/> &#8211; Hotelunterk\u00fcnfte sowie alle Mahlzeiten und Getr\u00e4nke <\/ p> <\/p>\n<p> Nachfolgend k\u00f6nnen Sie nachlesen, wie eine Besichtigungstour verlaufen kann: <\/ p> <\/p>\n<p> Ich werde Sie dar\u00fcber informieren, welche Flughafen muss man fliegen und wann muss man sich treffen. Ich werde Sie am Flughafen in Alicante abholen und Sie zu Ihrem Hotel fahren, wo Sie untergebracht werden. Nach einer kurzen Pause starten wir unsere Tour. Je nachdem, wann Sie ankommen, sehen wir, was wir am ersten Tag erreichen, aber ein gutes Abendessen in einem gem\u00fctlichen lokalen Restaurant, wenn wir es immer tun. <\/ P> <\/p>\n<p> Ich hole Sie jeden Morgen um ab. 10.00 Uhr, nachdem Sie gefr\u00fchst\u00fcckt haben. Dann beginnen wir die Besichtigungen, w\u00e4hrend wir mit Besichtigungen in der Umgebung beginnen. Dann fahre ich Sie zu verschiedenen Bereichen, wo wir die verschiedenen H\u00e4user, Probenh\u00e4usern und die Qualit\u00e4t der H\u00e4user sehen. In den Probenh\u00e4usern sehen wir, was in den jeweiligen Bauprojekt verf\u00fcgbar ist. <\/ P> <\/p>\n<p> Gegen 14.00 Uhr schlie\u00dfen alle Probenh\u00e4user f\u00fcr die Siesta. Wir werden dann in einem Restaurant in der Umgebung zu Mittag essen. W\u00e4hrend des Mittagessens haben wir Zeit, \u00fcber die verschiedenen Bauprojekte zu sprechen, die wir am Morgen gesehen haben, und ich werde alle Ihre Fragen beantworten. <\/ P> <\/p>\n<p> Nach dem Mittagessen werden wir die Tour zu den n\u00e4chsten Probenh\u00e4usern fortsetzen. Wir halten ein ruhiges Tempo und nehmen uns Zeit und sehen so viele wie m\u00f6glich. Dann gehen wir zur\u00fcck zum Hotel, damit Sie sich etwas ausruhen k\u00f6nnen, bevor ich Sie zum Abendessen abhole. <\/ P> <\/p>\n<p> Wir essen in einem der gem\u00fctlichen Restaurants von Torrevieja zu Abend. Ich wei\u00df, dass viele Fragen zu dem auftauchen, was wir tags\u00fcber gesehen haben, und es ist eine perfekte Zeit, diese durchzugehen und dabei eine gute Zeit zu haben. Der n\u00e4chste Tag wird \u00e4hnlich sein. Aber am Nachmittag ist es m\u00f6glich, die H\u00e4user zu sehen, die Sie gerne wieder sehen w\u00fcrden, da es immer jemanden gibt, den Sie auffrischen m\u00f6chten. Abends essen wir in einem gem\u00fctlichen Restaurant zu Abend. Am Nachmittag werden wir die Formalit\u00e4ten arrangieren, wenn Sie sich f\u00fcr den Kauf entschieden haben. Jeder Vertrag wird zusammen mit dem Kunden geschlossen. Es ist dann der Anwalt, der \u00fcbernimmt, und ca. Eine Woche sp\u00e4ter erhalten Sie alle relevanten Informationen per. Post vom Anwalt. Sie stellt immer sicher, dass Sie die Kontrolle \u00fcber das Geschehen haben, und Sie k\u00f6nnen sie jederzeit fragen, ob Sie Zweifel an irgendetwas haben. Da sie D\u00e4nin ist, ist sie leicht zu kommunizieren. <\/ P> <\/p>\n<p> Am n\u00e4chsten Tag bereiten Sie sich auf die Heimreise vor und ich fahre Sie zum Flughafen. <\/ P> <\/p>\n<p> Auf jeden Fall, unabh\u00e4ngig davon, ob Sie gekauft haben etwas oder nicht, es war eine abenteuerliche Reise. <\/ p> <\/p>\n<p> Ich freue mich darauf, eine Inspektionsreise f\u00fcr Sie zu arrangieren. <\/ p><\/p>\n\t\t\t\t\t\t\t\t<\/div>\n\t\t\t\t<\/div>\n\t\t\t\t\t<\/div>\n\t\t<\/div>\n\t\t\t\t<div class=\"elementor-column elementor-col-33 elementor-inner-column elementor-element elementor-element-bf0fc2b\" data-id=\"bf0fc2b\" data-element_type=\"column\">\n\t\t\t<div class=\"elementor-widget-wrap elementor-element-populated\">\n\t\t\t\t\t\t<div class=\"elementor-element elementor-element-75e1dbe elementor-widget-mobile__width-initial elementor-widget elementor-widget-image\" data-id=\"75e1dbe\" data-element_type=\"widget\" data-widget_type=\"image.default\">\n\t\t\t\t<div class=\"elementor-widget-container\">\n\t\t\t\t\t\t\t\t\t\t\t\t\t\t\t<img loading=\"lazy\" decoding=\"async\" width=\"283\" height=\"189\" src=\"https:\/\/dktilspanien.dk\/wp-content\/uploads\/2020\/01\/besigtigelsesrejse-6.jpg\" class=\"attachment-full size-full wp-image-683\" alt=\"\" \/>\t\t\t\t\t\t\t\t\t\t\t\t\t\t\t<\/div>\n\t\t\t\t<\/div>\n\t\t\t\t<div class=\"elementor-element elementor-element-9483e70 elementor-widget-mobile__width-initial elementor-widget elementor-widget-image\" data-id=\"9483e70\" data-element_type=\"widget\" data-widget_type=\"image.default\">\n\t\t\t\t<div class=\"elementor-widget-container\">\n\t\t\t\t\t\t\t\t\t\t\t\t\t\t\t<img loading=\"lazy\" decoding=\"async\" width=\"283\" height=\"189\" src=\"https:\/\/dktilspanien.dk\/wp-content\/uploads\/2020\/01\/besigtigelsesrejse-7.jpg\" class=\"attachment-full size-full wp-image-686\" alt=\"\" \/>\t\t\t\t\t\t\t\t\t\t\t\t\t\t\t<\/div>\n\t\t\t\t<\/div>\n\t\t\t\t<div class=\"elementor-element elementor-element-519c8e0 elementor-widget-mobile__width-initial elementor-widget elementor-widget-image\" data-id=\"519c8e0\" data-element_type=\"widget\" data-widget_type=\"image.default\">\n\t\t\t\t<div class=\"elementor-widget-container\">\n\t\t\t\t\t\t\t\t\t\t\t\t\t\t\t<img loading=\"lazy\" decoding=\"async\" width=\"283\" height=\"189\" src=\"https:\/\/dktilspanien.dk\/wp-content\/uploads\/2020\/01\/besigtigelsesrejse-8.jpg\" class=\"attachment-full size-full wp-image-689\" alt=\"\" \/>\t\t\t\t\t\t\t\t\t\t\t\t\t\t\t<\/div>\n\t\t\t\t<\/div>\n\t\t\t\t<div class=\"elementor-element elementor-element-423f494 elementor-widget-mobile__width-initial elementor-widget elementor-widget-image\" data-id=\"423f494\" data-element_type=\"widget\" data-widget_type=\"image.default\">\n\t\t\t\t<div class=\"elementor-widget-container\">\n\t\t\t\t\t\t\t\t\t\t\t\t\t\t\t<img loading=\"lazy\" decoding=\"async\" width=\"283\" height=\"189\" src=\"https:\/\/dktilspanien.dk\/wp-content\/uploads\/2020\/01\/besigtigelsesrejse-9.jpg\" class=\"attachment-full size-full wp-image-692\" alt=\"\" \/>\t\t\t\t\t\t\t\t\t\t\t\t\t\t\t<\/div>\n\t\t\t\t<\/div>\n\t\t\t\t<div class=\"elementor-element elementor-element-59d8c87 elementor-widget-mobile__width-initial elementor-widget elementor-widget-image\" data-id=\"59d8c87\" data-element_type=\"widget\" data-widget_type=\"image.default\">\n\t\t\t\t<div class=\"elementor-widget-container\">\n\t\t\t\t\t\t\t\t\t\t\t\t\t\t\t<img loading=\"lazy\" decoding=\"async\" width=\"283\" height=\"189\" src=\"https:\/\/dktilspanien.dk\/wp-content\/uploads\/2020\/01\/besigtigelsesrejse-10.jpg\" class=\"attachment-full size-full wp-image-695\" alt=\"\" \/>\t\t\t\t\t\t\t\t\t\t\t\t\t\t\t<\/div>\n\t\t\t\t<\/div>\n\t\t\t\t\t<\/div>\n\t\t<\/div>\n\t\t\t\t\t<\/div>\n\t\t<\/section>\n\t\t\t\t\t<\/div>\n\t\t<\/div>\n\t\t\t\t\t<\/div>\n\t\t<\/section>\n\t\t\t\t<\/div>\n\t\t","protected":false},"excerpt":{"rendered":"<p>Inspektionsreise Sobald Sie eine Inspektionsreise gebucht haben, bitte ich Sie, ein Kundenprofil auszuf\u00fcllen, in dem Sie mir mitteilen, was Sie sehen m\u00f6chten. Ich werde dann entweder per. Telefon oder per. E-Mail, geben Sie einige Informationen \u00fcber den Kauf eines Hauses in Spanien. Ich werde dann die Inspektionsreise auf der Grundlage der Informationen organisieren, die ich [&hellip;]<\/p>\n","protected":false},"author":1,"featured_media":0,"parent":0,"menu_order":0,"comment_status":"closed","ping_status":"closed","template":"elementor_header_footer","meta":{"om_disable_all_campaigns":false,"_monsterinsights_skip_tracking":false,"_monsterinsights_sitenote_active":false,"_monsterinsights_sitenote_note":"","_monsterinsights_sitenote_category":0,"_uf_show_specific_survey":0,"_uf_disable_surveys":false,"footnotes":""},"class_list":["post-924","page","type-page","status-publish","hentry"],"aioseo_notices":[],"_links":{"self":[{"href":"https:\/\/dktilspanien.dk\/de\/wp-json\/wp\/v2\/pages\/924","targetHints":{"allow":["GET"]}}],"collection":[{"href":"https:\/\/dktilspanien.dk\/de\/wp-json\/wp\/v2\/pages"}],"about":[{"href":"https:\/\/dktilspanien.dk\/de\/wp-json\/wp\/v2\/types\/page"}],"author":[{"embeddable":true,"href":"https:\/\/dktilspanien.dk\/de\/wp-json\/wp\/v2\/users\/1"}],"replies":[{"embeddable":true,"href":"https:\/\/dktilspanien.dk\/de\/wp-json\/wp\/v2\/comments?post=924"}],"version-history":[{"count":1,"href":"https:\/\/dktilspanien.dk\/de\/wp-json\/wp\/v2\/pages\/924\/revisions"}],"predecessor-version":[{"id":925,"href":"https:\/\/dktilspanien.dk\/de\/wp-json\/wp\/v2\/pages\/924\/revisions\/925"}],"wp:attachment":[{"href":"https:\/\/dktilspanien.dk\/de\/wp-json\/wp\/v2\/media?parent=924"}],"curies":[{"name":"wp","href":"https:\/\/api.w.org\/{rel}","templated":true}]}}