{"id":802,"date":"2020-01-21T08:48:51","date_gmt":"2020-01-21T08:48:51","guid":{"rendered":"https:\/\/dktilspanien.estatebud.dev\/the-areas\/"},"modified":"2020-01-21T08:48:52","modified_gmt":"2020-01-21T08:48:52","slug":"the-areas","status":"publish","type":"page","link":"https:\/\/dktilspanien.dk\/en\/the-areas\/","title":{"rendered":"The Areas"},"content":{"rendered":"\t\t<div data-elementor-type=\"wp-page\" data-elementor-id=\"802\" class=\"elementor elementor-802 elementor-65\" data-elementor-post-type=\"page\">\n\t\t\t\t\t\t<section class=\"elementor-section elementor-top-section elementor-element elementor-element-023eb64 elementor-section-boxed elementor-section-height-default elementor-section-height-default\" data-id=\"023eb64\" data-element_type=\"section\">\n\t\t\t\t\t\t<div class=\"elementor-container elementor-column-gap-no\">\n\t\t\t\t\t<div class=\"elementor-column elementor-col-100 elementor-top-column elementor-element elementor-element-b7c88f6\" data-id=\"b7c88f6\" data-element_type=\"column\">\n\t\t\t<div class=\"elementor-widget-wrap elementor-element-populated\">\n\t\t\t\t\t\t<section class=\"elementor-section elementor-inner-section elementor-element elementor-element-fe11d1b elementor-section-boxed elementor-section-height-default elementor-section-height-default\" data-id=\"fe11d1b\" data-element_type=\"section\">\n\t\t\t\t\t\t<div class=\"elementor-container elementor-column-gap-no\">\n\t\t\t\t\t<div class=\"elementor-column elementor-col-50 elementor-inner-column elementor-element elementor-element-c6756dd\" data-id=\"c6756dd\" data-element_type=\"column\">\n\t\t\t<div class=\"elementor-widget-wrap elementor-element-populated\">\n\t\t\t\t\t\t<div class=\"elementor-element elementor-element-1ad90ce elementor-widget elementor-widget-heading\" data-id=\"1ad90ce\" data-element_type=\"widget\" data-widget_type=\"heading.default\">\n\t\t\t\t<div class=\"elementor-widget-container\">\n\t\t\t\t\t<h1 class=\"elementor-heading-title elementor-size-default\">Omr\u00e5derne<\/h1>\t\t\t\t<\/div>\n\t\t\t\t<\/div>\n\t\t\t\t<div class=\"elementor-element elementor-element-3a9f1f3 elementor-widget elementor-widget-text-editor\" data-id=\"3a9f1f3\" data-element_type=\"widget\" data-widget_type=\"text-editor.default\">\n\t\t\t\t<div class=\"elementor-widget-container\">\n\t\t\t\t\t\t\t\t\t<p>Costa Blanca (Den hvide kyst) er et stort geografisk omr\u00e5de. Jeg har boliger til salg p\u00e5 stort set hele Costa Blanca. Men jeg koncentrerer mig prim\u00e6rt omkring Torrevieja og omegnskomunerne, dvs. den sydlige del af Costa Blanca.<\/p>\n<p>Grunden til det, er prim\u00e6rt klimaet samt den sunde luft. I et omr\u00e5de som str\u00e6kker sig fra Santa Pola og til lidt nord for Cartagena og i en cirkel ind i landet, har vi microklima. Det betyder at vi har en behagelig temperatur \u00e5ret rundt, aldrig frost, men heller aldrig ekstrem h\u00f8je temperaturer. Jeg har derfor valgt kun at fort\u00e6lle lidt mere uddybende om disse tre kommuner: Torrevieja, Guardamar og Orihuela Costa. Med tiden vil jeg fors\u00f8ge at udbygge disse beskrivelser.<\/p>\n<p><img fetchpriority=\"high\" decoding=\"async\" class=\"size-full wp-image-547 alignleft\" src=\"https:\/\/dktilspanien.dk\/wp-content\/uploads\/2020\/01\/omraderna-1.jpg\" alt=\"\" width=\"350\" height=\"342\" srcset=\"https:\/\/dktilspanien.dk\/wp-content\/uploads\/2020\/01\/omraderna-1.jpg 350w, https:\/\/dktilspanien.dk\/wp-content\/uploads\/2020\/01\/omraderna-1-300x293.jpg 300w\" sizes=\"(max-width: 350px) 100vw, 350px\" \/><\/p>\n<p><strong>Costa Blanca<\/strong><br \/>P\u00e5 Costa Blanca har man adgang til masser af fritidsaktiviteter \u00e5ret rundt. Middeltemperaturen i december ligger p\u00e5 ca. 15 grader celcius i skyggen. Her findes 21 golfbaner, hvor man kan forbedre sit handicap. De mest kendte er Villa Martin, La Marquesa, La Finca, La Manga, Campoamor og Las Ramblas.<\/p>\n<p>Der findes gode muligheder for at sejle. B\u00e5dklubber finder man langs hele kysten. Man kan ogs\u00e5 surfe, dykke, fiske eller bade i det varme, solglimtende Middelhav og at ligge p\u00e5 stranden er vel en af de sk\u00f8nneste afslapninger man kan t\u00e6nke sig!<\/p>\n<p>Efter sol og strand kan den, som har lyst, leje en hest og udforske det spanske landskab under en sp\u00e6ndende ridetur i skumringen og solnedgang. I Benidorm og Torrevieja findes der vandparker og i Elche en safaripark for interessante natur- og dyreoplevelser. Tag bilen, eller lej en, og rejs rundt og bes\u00f8g forskellige steder p\u00e5 Costa Blanca. Med tiden kan man udvide omr\u00e5det til hele Spanien.<\/p>\n<p>Ved Costa Blancas finkornede kilometerlange sandstrande findes store pinjeskove, som giver fantastisk skygge og appelsin- og citronplantager, samt oliven- og mandeltr\u00e6er som afgiver en herlig duft under blomstring. Videre kan palmeskoven i byen Elche og vandparker og gademarkeder i fx. Guardamar og Santa Pola opleves. Oplev Tabarca med undervands-sightseeing, havvandsakvarium og fiskemuseum i Santa Pola, rytterfestspil i Alfaz del Pi, vidunderlige kirker og musseet i Murcia og meget, meget mere.<\/p>\n<p>Den sydlige del af Costa Blanca, fra Alicante til La Manga, er kendt for sit h\u00f8je indhold af jodholdig luft, hvilket kommer af de store salts\u00f8er og havafsaltningsstationer. Folk med reumatisme, luftvejsproblemer eller gigt, v\u00e6lger ofte at komme her under vinterhalv\u00e5ret, hvor der er koldest i Nordeuropa. Den jodholdige luft har en kurerende effekt og en unders\u00f8gelse p\u00e5viser, at man forl\u00e6nger livet med 10 \u00e5r ved at bo og leve i denne luft. Denne luft i kombination med det milde klima, hj\u00e6lper en med b\u00e5de at f\u00f8le sig bedre, og f\u00e5 det bedre.<\/p>\n\t\t\t\t\t\t\t\t<\/div>\n\t\t\t\t<\/div>\n\t\t\t\t\t<\/div>\n\t\t<\/div>\n\t\t\t\t<div class=\"elementor-column elementor-col-50 elementor-inner-column elementor-element elementor-element-8e30d70\" data-id=\"8e30d70\" data-element_type=\"column\">\n\t\t\t<div class=\"elementor-widget-wrap elementor-element-populated\">\n\t\t\t\t\t\t<div class=\"elementor-element elementor-element-770aed5 elementor-widget-mobile__width-initial elementor-widget elementor-widget-image\" data-id=\"770aed5\" data-element_type=\"widget\" data-widget_type=\"image.default\">\n\t\t\t\t<div class=\"elementor-widget-container\">\n\t\t\t\t\t\t\t\t\t\t\t\t\t\t\t<img decoding=\"async\" width=\"283\" height=\"189\" src=\"https:\/\/dktilspanien.dk\/wp-content\/uploads\/2020\/01\/omraderna-2.jpg\" class=\"attachment-full size-full wp-image-551\" alt=\"\" \/>\t\t\t\t\t\t\t\t\t\t\t\t\t\t\t<\/div>\n\t\t\t\t<\/div>\n\t\t\t\t<div class=\"elementor-element elementor-element-709c138 elementor-widget-mobile__width-initial elementor-widget elementor-widget-image\" data-id=\"709c138\" data-element_type=\"widget\" data-widget_type=\"image.default\">\n\t\t\t\t<div class=\"elementor-widget-container\">\n\t\t\t\t\t\t\t\t\t\t\t\t\t\t\t<img decoding=\"async\" width=\"283\" height=\"213\" src=\"https:\/\/dktilspanien.dk\/wp-content\/uploads\/2020\/01\/omraderna-3.jpg\" class=\"attachment-full size-full wp-image-554\" alt=\"\" \/>\t\t\t\t\t\t\t\t\t\t\t\t\t\t\t<\/div>\n\t\t\t\t<\/div>\n\t\t\t\t<div class=\"elementor-element elementor-element-8baca1b elementor-widget-mobile__width-initial elementor-widget elementor-widget-image\" data-id=\"8baca1b\" data-element_type=\"widget\" data-widget_type=\"image.default\">\n\t\t\t\t<div class=\"elementor-widget-container\">\n\t\t\t\t\t\t\t\t\t\t\t\t\t\t\t<img loading=\"lazy\" decoding=\"async\" width=\"283\" height=\"213\" src=\"https:\/\/dktilspanien.dk\/wp-content\/uploads\/2020\/01\/omraderna-4.jpg\" class=\"attachment-full size-full wp-image-557\" alt=\"\" \/>\t\t\t\t\t\t\t\t\t\t\t\t\t\t\t<\/div>\n\t\t\t\t<\/div>\n\t\t\t\t<div class=\"elementor-element elementor-element-5a03e58 elementor-widget-mobile__width-initial elementor-widget elementor-widget-image\" data-id=\"5a03e58\" data-element_type=\"widget\" data-widget_type=\"image.default\">\n\t\t\t\t<div class=\"elementor-widget-container\">\n\t\t\t\t\t\t\t\t\t\t\t\t\t\t\t<img loading=\"lazy\" decoding=\"async\" width=\"283\" height=\"92\" src=\"https:\/\/dktilspanien.dk\/wp-content\/uploads\/2020\/01\/omraderna-5.jpg\" class=\"attachment-full size-full wp-image-560\" alt=\"\" \/>\t\t\t\t\t\t\t\t\t\t\t\t\t\t\t<\/div>\n\t\t\t\t<\/div>\n\t\t\t\t\t<\/div>\n\t\t<\/div>\n\t\t\t\t\t<\/div>\n\t\t<\/section>\n\t\t\t\t\t<\/div>\n\t\t<\/div>\n\t\t\t\t\t<\/div>\n\t\t<\/section>\n\t\t\t\t<\/div>\n\t\t","protected":false},"excerpt":{"rendered":"<p>Omr\u00e5derne Costa Blanca (Den hvide kyst) er et stort geografisk omr\u00e5de. Jeg har boliger til salg p\u00e5 stort set hele Costa Blanca. Men jeg koncentrerer mig prim\u00e6rt omkring Torrevieja og omegnskomunerne, dvs. den sydlige del af Costa Blanca. Grunden til det, er prim\u00e6rt klimaet samt den sunde luft. I et omr\u00e5de som str\u00e6kker sig fra [&hellip;]<\/p>\n","protected":false},"author":1,"featured_media":0,"parent":0,"menu_order":0,"comment_status":"closed","ping_status":"closed","template":"elementor_header_footer","meta":{"om_disable_all_campaigns":false,"_monsterinsights_skip_tracking":false,"_monsterinsights_sitenote_active":false,"_monsterinsights_sitenote_note":"","_monsterinsights_sitenote_category":0,"_uf_show_specific_survey":0,"_uf_disable_surveys":false,"footnotes":""},"class_list":["post-802","page","type-page","status-publish","hentry"],"aioseo_notices":[],"_links":{"self":[{"href":"https:\/\/dktilspanien.dk\/en\/wp-json\/wp\/v2\/pages\/802","targetHints":{"allow":["GET"]}}],"collection":[{"href":"https:\/\/dktilspanien.dk\/en\/wp-json\/wp\/v2\/pages"}],"about":[{"href":"https:\/\/dktilspanien.dk\/en\/wp-json\/wp\/v2\/types\/page"}],"author":[{"embeddable":true,"href":"https:\/\/dktilspanien.dk\/en\/wp-json\/wp\/v2\/users\/1"}],"replies":[{"embeddable":true,"href":"https:\/\/dktilspanien.dk\/en\/wp-json\/wp\/v2\/comments?post=802"}],"version-history":[{"count":1,"href":"https:\/\/dktilspanien.dk\/en\/wp-json\/wp\/v2\/pages\/802\/revisions"}],"predecessor-version":[{"id":803,"href":"https:\/\/dktilspanien.dk\/en\/wp-json\/wp\/v2\/pages\/802\/revisions\/803"}],"wp:attachment":[{"href":"https:\/\/dktilspanien.dk\/en\/wp-json\/wp\/v2\/media?parent=802"}],"curies":[{"name":"wp","href":"https:\/\/api.w.org\/{rel}","templated":true}]}}