{"id":841,"date":"2020-01-21T09:30:59","date_gmt":"2020-01-21T09:30:59","guid":{"rendered":"https:\/\/dktilspanien.estatebud.dev\/video-om-torrevieja\/"},"modified":"2025-04-13T14:39:20","modified_gmt":"2025-04-13T14:39:20","slug":"video-om-torrevieja","status":"publish","type":"page","link":"https:\/\/dktilspanien.dk\/en\/video-om-torrevieja\/","title":{"rendered":"Video about Torrevieja"},"content":{"rendered":"\t\t<div data-elementor-type=\"wp-page\" data-elementor-id=\"841\" class=\"elementor elementor-841 elementor-737\" data-elementor-post-type=\"page\">\n\t\t\t\t\t\t<section class=\"elementor-section elementor-top-section elementor-element elementor-element-9c6e366 elementor-section-boxed elementor-section-height-default elementor-section-height-default\" data-id=\"9c6e366\" data-element_type=\"section\">\n\t\t\t\t\t\t<div class=\"elementor-container elementor-column-gap-no\">\n\t\t\t\t\t<div class=\"elementor-column elementor-col-100 elementor-top-column elementor-element elementor-element-2946ca4\" data-id=\"2946ca4\" data-element_type=\"column\">\n\t\t\t<div class=\"elementor-widget-wrap elementor-element-populated\">\n\t\t\t\t\t\t<section class=\"elementor-section elementor-inner-section elementor-element elementor-element-7c04e13 elementor-section-boxed elementor-section-height-default elementor-section-height-default\" data-id=\"7c04e13\" data-element_type=\"section\">\n\t\t\t\t\t\t<div class=\"elementor-container elementor-column-gap-no\">\n\t\t\t\t\t<div class=\"elementor-column elementor-col-33 elementor-inner-column elementor-element elementor-element-3807fee\" data-id=\"3807fee\" data-element_type=\"column\">\n\t\t\t<div class=\"elementor-widget-wrap elementor-element-populated\">\n\t\t\t\t\t\t<div class=\"elementor-element elementor-element-537b0c7 elementor-widget-mobile__width-initial elementor-widget elementor-widget-image\" data-id=\"537b0c7\" data-element_type=\"widget\" data-widget_type=\"image.default\">\n\t\t\t\t<div class=\"elementor-widget-container\">\n\t\t\t\t\t\t\t\t\t\t\t\t\t\t\t<img fetchpriority=\"high\" decoding=\"async\" width=\"284\" height=\"189\" src=\"https:\/\/dktilspanien.dk\/wp-content\/uploads\/2020\/01\/besigtigelsesrejse-1.jpg\" class=\"attachment-full size-full wp-image-668\" alt=\"\" \/>\t\t\t\t\t\t\t\t\t\t\t\t\t\t\t<\/div>\n\t\t\t\t<\/div>\n\t\t\t\t<div class=\"elementor-element elementor-element-4a3f83d elementor-widget-mobile__width-initial elementor-widget elementor-widget-image\" data-id=\"4a3f83d\" data-element_type=\"widget\" data-widget_type=\"image.default\">\n\t\t\t\t<div class=\"elementor-widget-container\">\n\t\t\t\t\t\t\t\t\t\t\t\t\t\t\t<img decoding=\"async\" width=\"283\" height=\"189\" src=\"https:\/\/dktilspanien.dk\/wp-content\/uploads\/2020\/01\/besigtigelsesrejse-2.jpg\" class=\"attachment-full size-full wp-image-671\" alt=\"\" \/>\t\t\t\t\t\t\t\t\t\t\t\t\t\t\t<\/div>\n\t\t\t\t<\/div>\n\t\t\t\t<div class=\"elementor-element elementor-element-ee3bbb8 elementor-widget-mobile__width-initial elementor-widget elementor-widget-image\" data-id=\"ee3bbb8\" data-element_type=\"widget\" data-widget_type=\"image.default\">\n\t\t\t\t<div class=\"elementor-widget-container\">\n\t\t\t\t\t\t\t\t\t\t\t\t\t\t\t<img decoding=\"async\" width=\"283\" height=\"188\" src=\"https:\/\/dktilspanien.dk\/wp-content\/uploads\/2020\/01\/besigtigelsesrejse-3.jpg\" class=\"attachment-full size-full wp-image-674\" alt=\"\" \/>\t\t\t\t\t\t\t\t\t\t\t\t\t\t\t<\/div>\n\t\t\t\t<\/div>\n\t\t\t\t<div class=\"elementor-element elementor-element-18a28d7 elementor-widget-mobile__width-initial elementor-widget elementor-widget-image\" data-id=\"18a28d7\" data-element_type=\"widget\" data-widget_type=\"image.default\">\n\t\t\t\t<div class=\"elementor-widget-container\">\n\t\t\t\t\t\t\t\t\t\t\t\t\t\t\t<img loading=\"lazy\" decoding=\"async\" width=\"283\" height=\"189\" src=\"https:\/\/dktilspanien.dk\/wp-content\/uploads\/2020\/01\/besigtigelsesrejse-4.jpg\" class=\"attachment-full size-full wp-image-677\" alt=\"\" \/>\t\t\t\t\t\t\t\t\t\t\t\t\t\t\t<\/div>\n\t\t\t\t<\/div>\n\t\t\t\t<div class=\"elementor-element elementor-element-7113e43 elementor-widget-mobile__width-initial elementor-widget elementor-widget-image\" data-id=\"7113e43\" data-element_type=\"widget\" data-widget_type=\"image.default\">\n\t\t\t\t<div class=\"elementor-widget-container\">\n\t\t\t\t\t\t\t\t\t\t\t\t\t\t\t<img loading=\"lazy\" decoding=\"async\" width=\"283\" height=\"189\" src=\"https:\/\/dktilspanien.dk\/wp-content\/uploads\/2020\/01\/besigtigelsesrejse-5.jpg\" class=\"attachment-full size-full wp-image-680\" alt=\"\" \/>\t\t\t\t\t\t\t\t\t\t\t\t\t\t\t<\/div>\n\t\t\t\t<\/div>\n\t\t\t\t\t<\/div>\n\t\t<\/div>\n\t\t\t\t<div class=\"elementor-column elementor-col-33 elementor-inner-column elementor-element elementor-element-1c68b70\" data-id=\"1c68b70\" data-element_type=\"column\">\n\t\t\t<div class=\"elementor-widget-wrap elementor-element-populated\">\n\t\t\t\t\t\t<div class=\"elementor-element elementor-element-d3df770 elementor-widget elementor-widget-heading\" data-id=\"d3df770\" data-element_type=\"widget\" data-widget_type=\"heading.default\">\n\t\t\t\t<div class=\"elementor-widget-container\">\n\t\t\t\t\t<h1 class=\"elementor-heading-title elementor-size-default\">Videos<\/h1>\t\t\t\t<\/div>\n\t\t\t\t<\/div>\n\t\t\t\t<div class=\"elementor-element elementor-element-3b6596b elementor-widget elementor-widget-text-editor\" data-id=\"3b6596b\" data-element_type=\"widget\" data-widget_type=\"text-editor.default\">\n\t\t\t\t<div class=\"elementor-widget-container\">\n\t\t\t\t\t\t\t\t\t<p><strong>Video about the salt town of Torrevieja in the southern part of the Costa Blanca<\/strong><\/p>\n\t\t\t\t\t\t\t\t<\/div>\n\t\t\t\t<\/div>\n\t\t\t\t<div class=\"elementor-element elementor-element-e84f4f3 elementor-widget elementor-widget-html\" data-id=\"e84f4f3\" data-element_type=\"widget\" data-widget_type=\"html.default\">\n\t\t\t\t<div class=\"elementor-widget-container\">\n\t\t\t\t\t<iframe name=\"Video about Torrevieja\" scrolling=\"no\" src=\"https:\/\/www.youtube.com\/embed\/jxvfvujQRAc?rel=0&showinfo=0\" frameborder=\"0\" allow=\"autoplay; encrypted-media\" allowfullscreen\" title=\"Salt city Torrevieja in the southern part of Costa Blanca\" width=\"550\" height=\"315\" frameborder=\"1\"><\/iframe>\t\t\t\t<\/div>\n\t\t\t\t<\/div>\n\t\t\t\t<div class=\"elementor-element elementor-element-84d9dfd elementor-widget elementor-widget-text-editor\" data-id=\"84d9dfd\" data-element_type=\"widget\" data-widget_type=\"text-editor.default\">\n\t\t\t\t<div class=\"elementor-widget-container\">\n\t\t\t\t\t\t\t\t\t<p>I denne 32-minutters dokumentarfilm, vil du opdage hvorfor Torrevieja er stedet at bo eller bes\u00f8ge. Up Now Costa Blanca interviever 19 forskellige forretninger, som repr\u00e6senterer flere forskellige nationaliteter og sp\u00f8rger dem hvad der er speciel ved Torrevieja og hvorfor de har valgt at bo her. Du kommer ogs\u00e5 til at h\u00f8re interessante annekdoter og informationer omkring omr\u00e5det.<\/p>\n<p>In this 32-minute documentary, you will discover why Torrevieja is the place to live and visit. We interview 19 business owners representing several different nationalities and ask them what is special about this place and why they chose to live there. You will also hear interesting anecdotes and information about the area.<\/p>\n\t\t\t\t\t\t\t\t<\/div>\n\t\t\t\t<\/div>\n\t\t\t\t\t<\/div>\n\t\t<\/div>\n\t\t\t\t<div class=\"elementor-column elementor-col-33 elementor-inner-column elementor-element elementor-element-f920b1b\" data-id=\"f920b1b\" data-element_type=\"column\">\n\t\t\t<div class=\"elementor-widget-wrap elementor-element-populated\">\n\t\t\t\t\t\t<div class=\"elementor-element elementor-element-a27c616 elementor-widget-mobile__width-initial elementor-widget elementor-widget-image\" data-id=\"a27c616\" data-element_type=\"widget\" data-widget_type=\"image.default\">\n\t\t\t\t<div class=\"elementor-widget-container\">\n\t\t\t\t\t\t\t\t\t\t\t\t\t\t\t<img loading=\"lazy\" decoding=\"async\" width=\"283\" height=\"189\" src=\"https:\/\/dktilspanien.dk\/wp-content\/uploads\/2020\/01\/besigtigelsesrejse-6.jpg\" class=\"attachment-full size-full wp-image-683\" alt=\"\" \/>\t\t\t\t\t\t\t\t\t\t\t\t\t\t\t<\/div>\n\t\t\t\t<\/div>\n\t\t\t\t<div class=\"elementor-element elementor-element-64f1561 elementor-widget-mobile__width-initial elementor-widget elementor-widget-image\" data-id=\"64f1561\" data-element_type=\"widget\" data-widget_type=\"image.default\">\n\t\t\t\t<div class=\"elementor-widget-container\">\n\t\t\t\t\t\t\t\t\t\t\t\t\t\t\t<img loading=\"lazy\" decoding=\"async\" width=\"283\" height=\"189\" src=\"https:\/\/dktilspanien.dk\/wp-content\/uploads\/2020\/01\/besigtigelsesrejse-7.jpg\" class=\"attachment-full size-full wp-image-686\" alt=\"\" \/>\t\t\t\t\t\t\t\t\t\t\t\t\t\t\t<\/div>\n\t\t\t\t<\/div>\n\t\t\t\t<div class=\"elementor-element elementor-element-d3e8b20 elementor-widget-mobile__width-initial elementor-widget elementor-widget-image\" data-id=\"d3e8b20\" data-element_type=\"widget\" data-widget_type=\"image.default\">\n\t\t\t\t<div class=\"elementor-widget-container\">\n\t\t\t\t\t\t\t\t\t\t\t\t\t\t\t<img loading=\"lazy\" decoding=\"async\" width=\"283\" height=\"189\" src=\"https:\/\/dktilspanien.dk\/wp-content\/uploads\/2020\/01\/besigtigelsesrejse-8.jpg\" class=\"attachment-full size-full wp-image-689\" alt=\"\" \/>\t\t\t\t\t\t\t\t\t\t\t\t\t\t\t<\/div>\n\t\t\t\t<\/div>\n\t\t\t\t<div class=\"elementor-element elementor-element-77de986 elementor-widget-mobile__width-initial elementor-widget elementor-widget-image\" data-id=\"77de986\" data-element_type=\"widget\" data-widget_type=\"image.default\">\n\t\t\t\t<div class=\"elementor-widget-container\">\n\t\t\t\t\t\t\t\t\t\t\t\t\t\t\t<img loading=\"lazy\" decoding=\"async\" width=\"283\" height=\"189\" src=\"https:\/\/dktilspanien.dk\/wp-content\/uploads\/2020\/01\/besigtigelsesrejse-9.jpg\" class=\"attachment-full size-full wp-image-692\" alt=\"\" \/>\t\t\t\t\t\t\t\t\t\t\t\t\t\t\t<\/div>\n\t\t\t\t<\/div>\n\t\t\t\t<div class=\"elementor-element elementor-element-aeb4450 elementor-widget-mobile__width-initial elementor-widget elementor-widget-image\" data-id=\"aeb4450\" data-element_type=\"widget\" data-widget_type=\"image.default\">\n\t\t\t\t<div class=\"elementor-widget-container\">\n\t\t\t\t\t\t\t\t\t\t\t\t\t\t\t<img loading=\"lazy\" decoding=\"async\" width=\"283\" height=\"189\" src=\"https:\/\/dktilspanien.dk\/wp-content\/uploads\/2020\/01\/besigtigelsesrejse-10.jpg\" class=\"attachment-full size-full wp-image-695\" alt=\"\" \/>\t\t\t\t\t\t\t\t\t\t\t\t\t\t\t<\/div>\n\t\t\t\t<\/div>\n\t\t\t\t\t<\/div>\n\t\t<\/div>\n\t\t\t\t\t<\/div>\n\t\t<\/section>\n\t\t\t\t\t<\/div>\n\t\t<\/div>\n\t\t\t\t\t<\/div>\n\t\t<\/section>\n\t\t\t\t<\/div>\n\t\t","protected":false},"excerpt":{"rendered":"<p>Videos Video about the salt town of Torrevieja in the southern part of the Costa Blanca<\/p>\n","protected":false},"author":1,"featured_media":0,"parent":0,"menu_order":0,"comment_status":"closed","ping_status":"closed","template":"elementor_header_footer","meta":{"om_disable_all_campaigns":false,"_monsterinsights_skip_tracking":false,"_monsterinsights_sitenote_active":false,"_monsterinsights_sitenote_note":"","_monsterinsights_sitenote_category":0,"_uf_show_specific_survey":0,"_uf_disable_surveys":false,"footnotes":""},"class_list":["post-841","page","type-page","status-publish","hentry"],"aioseo_notices":[],"_links":{"self":[{"href":"https:\/\/dktilspanien.dk\/en\/wp-json\/wp\/v2\/pages\/841","targetHints":{"allow":["GET"]}}],"collection":[{"href":"https:\/\/dktilspanien.dk\/en\/wp-json\/wp\/v2\/pages"}],"about":[{"href":"https:\/\/dktilspanien.dk\/en\/wp-json\/wp\/v2\/types\/page"}],"author":[{"embeddable":true,"href":"https:\/\/dktilspanien.dk\/en\/wp-json\/wp\/v2\/users\/1"}],"replies":[{"embeddable":true,"href":"https:\/\/dktilspanien.dk\/en\/wp-json\/wp\/v2\/comments?post=841"}],"version-history":[{"count":5,"href":"https:\/\/dktilspanien.dk\/en\/wp-json\/wp\/v2\/pages\/841\/revisions"}],"predecessor-version":[{"id":1383,"href":"https:\/\/dktilspanien.dk\/en\/wp-json\/wp\/v2\/pages\/841\/revisions\/1383"}],"wp:attachment":[{"href":"https:\/\/dktilspanien.dk\/en\/wp-json\/wp\/v2\/media?parent=841"}],"curies":[{"name":"wp","href":"https:\/\/api.w.org\/{rel}","templated":true}]}}