{"id":843,"date":"2020-01-21T09:31:10","date_gmt":"2020-01-21T09:31:10","guid":{"rendered":"https:\/\/dktilspanien.estatebud.dev\/video-dk-til-spanien\/"},"modified":"2025-04-13T14:43:28","modified_gmt":"2025-04-13T14:43:28","slug":"video-dk-til-spanien","status":"publish","type":"page","link":"https:\/\/dktilspanien.dk\/en\/video-dk-til-spanien\/","title":{"rendered":"Videos DK Til Spanien"},"content":{"rendered":"\t\t<div data-elementor-type=\"wp-page\" data-elementor-id=\"843\" class=\"elementor elementor-843 elementor-734\" data-elementor-post-type=\"page\">\n\t\t\t\t\t\t<section class=\"elementor-section elementor-top-section elementor-element elementor-element-eba413a elementor-section-boxed elementor-section-height-default elementor-section-height-default\" data-id=\"eba413a\" data-element_type=\"section\">\n\t\t\t\t\t\t<div class=\"elementor-container elementor-column-gap-no\">\n\t\t\t\t\t<div class=\"elementor-column elementor-col-100 elementor-top-column elementor-element elementor-element-d0d9ab8\" data-id=\"d0d9ab8\" data-element_type=\"column\">\n\t\t\t<div class=\"elementor-widget-wrap elementor-element-populated\">\n\t\t\t\t\t\t<section class=\"elementor-section elementor-inner-section elementor-element elementor-element-b5813bc elementor-section-boxed elementor-section-height-default elementor-section-height-default\" data-id=\"b5813bc\" data-element_type=\"section\">\n\t\t\t\t\t\t<div class=\"elementor-container elementor-column-gap-no\">\n\t\t\t\t\t<div class=\"elementor-column elementor-col-33 elementor-inner-column elementor-element elementor-element-974f05a\" data-id=\"974f05a\" data-element_type=\"column\">\n\t\t\t<div class=\"elementor-widget-wrap elementor-element-populated\">\n\t\t\t\t\t\t<div class=\"elementor-element elementor-element-cecd54e elementor-widget-mobile__width-initial elementor-widget elementor-widget-image\" data-id=\"cecd54e\" data-element_type=\"widget\" data-widget_type=\"image.default\">\n\t\t\t\t<div class=\"elementor-widget-container\">\n\t\t\t\t\t\t\t\t\t\t\t\t\t\t\t<img fetchpriority=\"high\" decoding=\"async\" width=\"284\" height=\"189\" src=\"https:\/\/dktilspanien.dk\/wp-content\/uploads\/2020\/01\/besigtigelsesrejse-1.jpg\" class=\"attachment-full size-full wp-image-668\" alt=\"\" \/>\t\t\t\t\t\t\t\t\t\t\t\t\t\t\t<\/div>\n\t\t\t\t<\/div>\n\t\t\t\t<div class=\"elementor-element elementor-element-c8a352f elementor-widget-mobile__width-initial elementor-widget elementor-widget-image\" data-id=\"c8a352f\" data-element_type=\"widget\" data-widget_type=\"image.default\">\n\t\t\t\t<div class=\"elementor-widget-container\">\n\t\t\t\t\t\t\t\t\t\t\t\t\t\t\t<img decoding=\"async\" width=\"283\" height=\"189\" src=\"https:\/\/dktilspanien.dk\/wp-content\/uploads\/2020\/01\/besigtigelsesrejse-2.jpg\" class=\"attachment-full size-full wp-image-671\" alt=\"\" \/>\t\t\t\t\t\t\t\t\t\t\t\t\t\t\t<\/div>\n\t\t\t\t<\/div>\n\t\t\t\t<div class=\"elementor-element elementor-element-83d510e elementor-widget-mobile__width-initial elementor-widget elementor-widget-image\" data-id=\"83d510e\" data-element_type=\"widget\" data-widget_type=\"image.default\">\n\t\t\t\t<div class=\"elementor-widget-container\">\n\t\t\t\t\t\t\t\t\t\t\t\t\t\t\t<img decoding=\"async\" width=\"283\" height=\"188\" src=\"https:\/\/dktilspanien.dk\/wp-content\/uploads\/2020\/01\/besigtigelsesrejse-3.jpg\" class=\"attachment-full size-full wp-image-674\" alt=\"\" \/>\t\t\t\t\t\t\t\t\t\t\t\t\t\t\t<\/div>\n\t\t\t\t<\/div>\n\t\t\t\t<div class=\"elementor-element elementor-element-3c1b6b4 elementor-widget-mobile__width-initial elementor-widget elementor-widget-image\" data-id=\"3c1b6b4\" data-element_type=\"widget\" data-widget_type=\"image.default\">\n\t\t\t\t<div class=\"elementor-widget-container\">\n\t\t\t\t\t\t\t\t\t\t\t\t\t\t\t<img loading=\"lazy\" decoding=\"async\" width=\"283\" height=\"189\" src=\"https:\/\/dktilspanien.dk\/wp-content\/uploads\/2020\/01\/besigtigelsesrejse-4.jpg\" class=\"attachment-full size-full wp-image-677\" alt=\"\" \/>\t\t\t\t\t\t\t\t\t\t\t\t\t\t\t<\/div>\n\t\t\t\t<\/div>\n\t\t\t\t<div class=\"elementor-element elementor-element-3c1b849 elementor-widget-mobile__width-initial elementor-widget elementor-widget-image\" data-id=\"3c1b849\" data-element_type=\"widget\" data-widget_type=\"image.default\">\n\t\t\t\t<div class=\"elementor-widget-container\">\n\t\t\t\t\t\t\t\t\t\t\t\t\t\t\t<img loading=\"lazy\" decoding=\"async\" width=\"283\" height=\"189\" src=\"https:\/\/dktilspanien.dk\/wp-content\/uploads\/2020\/01\/besigtigelsesrejse-5.jpg\" class=\"attachment-full size-full wp-image-680\" alt=\"\" \/>\t\t\t\t\t\t\t\t\t\t\t\t\t\t\t<\/div>\n\t\t\t\t<\/div>\n\t\t\t\t\t<\/div>\n\t\t<\/div>\n\t\t\t\t<div class=\"elementor-column elementor-col-33 elementor-inner-column elementor-element elementor-element-d32eb41\" data-id=\"d32eb41\" data-element_type=\"column\">\n\t\t\t<div class=\"elementor-widget-wrap elementor-element-populated\">\n\t\t\t\t\t\t<div class=\"elementor-element elementor-element-a929637 elementor-widget elementor-widget-heading\" data-id=\"a929637\" data-element_type=\"widget\" data-widget_type=\"heading.default\">\n\t\t\t\t<div class=\"elementor-widget-container\">\n\t\t\t\t\t<h1 class=\"elementor-heading-title elementor-size-default\">Videos<\/h1>\t\t\t\t<\/div>\n\t\t\t\t<\/div>\n\t\t\t\t<div class=\"elementor-element elementor-element-dc00209 elementor-widget elementor-widget-text-editor\" data-id=\"dc00209\" data-element_type=\"widget\" data-widget_type=\"text-editor.default\">\n\t\t\t\t<div class=\"elementor-widget-container\">\n\t\t\t\t\t\t\t\t\t<p><strong>Profil video about Real Estate Agent Kaj Verner Bach Knudsen and Dk til Spanien<\/strong><\/p>\n\t\t\t\t\t\t\t\t<\/div>\n\t\t\t\t<\/div>\n\t\t\t\t<div class=\"elementor-element elementor-element-7114be4 elementor-widget elementor-widget-text-editor\" data-id=\"7114be4\" data-element_type=\"widget\" data-widget_type=\"text-editor.default\">\n\t\t\t\t<div class=\"elementor-widget-container\">\n\t\t\t\t\t\t\t\t\t<p>F\u00e5 alle vore videoer serveret n\u00e5r de udkommer, abonner p\u00e5 vores YOUTUBE kanal her:<br \/><a href=\"https:\/\/www.youtube.com\/channel\/UCqYLwCFBmXW3FaSZZAUVJ4A\" target=\"_blank\" rel=\"noopener\"><strong>KLIK HER for at g\u00e5 direkte til vores Youtube kanal.<\/strong><\/a><\/p>\n\t\t\t\t\t\t\t\t<\/div>\n\t\t\t\t<\/div>\n\t\t\t\t<div class=\"elementor-element elementor-element-2f02897 elementor-widget elementor-widget-heading\" data-id=\"2f02897\" data-element_type=\"widget\" data-widget_type=\"heading.default\">\n\t\t\t\t<div class=\"elementor-widget-container\">\n\t\t\t\t\t<h6 class=\"elementor-heading-title elementor-size-default\">Profile video filmed Spring 2024<\/h6>\t\t\t\t<\/div>\n\t\t\t\t<\/div>\n\t\t\t\t<div class=\"elementor-element elementor-element-6ccf3a4 elementor-widget elementor-widget-video\" data-id=\"6ccf3a4\" data-element_type=\"widget\" data-settings=\"{&quot;youtube_url&quot;:&quot;https:\\\/\\\/youtu.be\\\/_-PxD6ZZw5M&quot;,&quot;video_type&quot;:&quot;youtube&quot;,&quot;controls&quot;:&quot;yes&quot;}\" data-widget_type=\"video.default\">\n\t\t\t\t<div class=\"elementor-widget-container\">\n\t\t\t\t\t\t\t<div class=\"elementor-wrapper elementor-open-inline\">\n\t\t\t<div class=\"elementor-video\"><\/div>\t\t<\/div>\n\t\t\t\t\t\t<\/div>\n\t\t\t\t<\/div>\n\t\t\t\t<div class=\"elementor-element elementor-element-89ec91a elementor-widget elementor-widget-heading\" data-id=\"89ec91a\" data-element_type=\"widget\" data-widget_type=\"heading.default\">\n\t\t\t\t<div class=\"elementor-widget-container\">\n\t\t\t\t\t<h6 class=\"elementor-heading-title elementor-size-default\">Profile video filmed Autumn 2017<\/h6>\t\t\t\t<\/div>\n\t\t\t\t<\/div>\n\t\t\t\t<div class=\"elementor-element elementor-element-6b3564e elementor-widget elementor-widget-html\" data-id=\"6b3564e\" data-element_type=\"widget\" data-widget_type=\"html.default\">\n\t\t\t\t<div class=\"elementor-widget-container\">\n\t\t\t\t\t<iframe name=\"Video om Torrevieja\" scrolling=\"no\" src=\"https:\/\/www.youtube.com\/embed\/DROFEEWbYPM?rel=0&controls=0&showinfo=0\" frameborder=\"0\" allow=\"autoplay; encrypted-media\" allowfullscreen\" title=\"Salt city Torrevieja in the southern part of Costa Blanca\" width=\"550\" height=\"315\" frameborder=\"1\"><\/iframe>\t\t\t\t<\/div>\n\t\t\t\t<\/div>\n\t\t\t\t\t<\/div>\n\t\t<\/div>\n\t\t\t\t<div class=\"elementor-column elementor-col-33 elementor-inner-column elementor-element elementor-element-6a3905c\" data-id=\"6a3905c\" data-element_type=\"column\">\n\t\t\t<div class=\"elementor-widget-wrap elementor-element-populated\">\n\t\t\t\t\t\t<div class=\"elementor-element elementor-element-8e90a12 elementor-widget-mobile__width-initial elementor-widget elementor-widget-image\" data-id=\"8e90a12\" data-element_type=\"widget\" data-widget_type=\"image.default\">\n\t\t\t\t<div class=\"elementor-widget-container\">\n\t\t\t\t\t\t\t\t\t\t\t\t\t\t\t<img loading=\"lazy\" decoding=\"async\" width=\"283\" height=\"189\" src=\"https:\/\/dktilspanien.dk\/wp-content\/uploads\/2020\/01\/besigtigelsesrejse-6.jpg\" class=\"attachment-full size-full wp-image-683\" alt=\"\" \/>\t\t\t\t\t\t\t\t\t\t\t\t\t\t\t<\/div>\n\t\t\t\t<\/div>\n\t\t\t\t<div class=\"elementor-element elementor-element-45892e1 elementor-widget-mobile__width-initial elementor-widget elementor-widget-image\" data-id=\"45892e1\" data-element_type=\"widget\" data-widget_type=\"image.default\">\n\t\t\t\t<div class=\"elementor-widget-container\">\n\t\t\t\t\t\t\t\t\t\t\t\t\t\t\t<img loading=\"lazy\" decoding=\"async\" width=\"283\" height=\"189\" src=\"https:\/\/dktilspanien.dk\/wp-content\/uploads\/2020\/01\/besigtigelsesrejse-7.jpg\" class=\"attachment-full size-full wp-image-686\" alt=\"\" \/>\t\t\t\t\t\t\t\t\t\t\t\t\t\t\t<\/div>\n\t\t\t\t<\/div>\n\t\t\t\t<div class=\"elementor-element elementor-element-2a860c7 elementor-widget-mobile__width-initial elementor-widget elementor-widget-image\" data-id=\"2a860c7\" data-element_type=\"widget\" data-widget_type=\"image.default\">\n\t\t\t\t<div class=\"elementor-widget-container\">\n\t\t\t\t\t\t\t\t\t\t\t\t\t\t\t<img loading=\"lazy\" decoding=\"async\" width=\"283\" height=\"189\" src=\"https:\/\/dktilspanien.dk\/wp-content\/uploads\/2020\/01\/besigtigelsesrejse-8.jpg\" class=\"attachment-full size-full wp-image-689\" alt=\"\" \/>\t\t\t\t\t\t\t\t\t\t\t\t\t\t\t<\/div>\n\t\t\t\t<\/div>\n\t\t\t\t<div class=\"elementor-element elementor-element-f056dc4 elementor-widget-mobile__width-initial elementor-widget elementor-widget-image\" data-id=\"f056dc4\" data-element_type=\"widget\" data-widget_type=\"image.default\">\n\t\t\t\t<div class=\"elementor-widget-container\">\n\t\t\t\t\t\t\t\t\t\t\t\t\t\t\t<img loading=\"lazy\" decoding=\"async\" width=\"283\" height=\"189\" src=\"https:\/\/dktilspanien.dk\/wp-content\/uploads\/2020\/01\/besigtigelsesrejse-9.jpg\" class=\"attachment-full size-full wp-image-692\" alt=\"\" \/>\t\t\t\t\t\t\t\t\t\t\t\t\t\t\t<\/div>\n\t\t\t\t<\/div>\n\t\t\t\t<div class=\"elementor-element elementor-element-889f7d5 elementor-widget-mobile__width-initial elementor-widget elementor-widget-image\" data-id=\"889f7d5\" data-element_type=\"widget\" data-widget_type=\"image.default\">\n\t\t\t\t<div class=\"elementor-widget-container\">\n\t\t\t\t\t\t\t\t\t\t\t\t\t\t\t<img loading=\"lazy\" decoding=\"async\" width=\"283\" height=\"189\" src=\"https:\/\/dktilspanien.dk\/wp-content\/uploads\/2020\/01\/besigtigelsesrejse-10.jpg\" class=\"attachment-full size-full wp-image-695\" alt=\"\" \/>\t\t\t\t\t\t\t\t\t\t\t\t\t\t\t<\/div>\n\t\t\t\t<\/div>\n\t\t\t\t\t<\/div>\n\t\t<\/div>\n\t\t\t\t\t<\/div>\n\t\t<\/section>\n\t\t\t\t\t<\/div>\n\t\t<\/div>\n\t\t\t\t\t<\/div>\n\t\t<\/section>\n\t\t\t\t<\/div>\n\t\t","protected":false},"excerpt":{"rendered":"<p>Videos Profil video about Real Estate Agent Kaj Verner Bach Knudsen and Dk til Spanien F\u00e5 alle vore videoer serveret n\u00e5r de udkommer, abonner p\u00e5 vores YOUTUBE kanal her:KLIK HER for at g\u00e5 direkte til vores Youtube kanal. Profile video filmed Spring 2024 Profile video filmed Autumn 2017<\/p>\n","protected":false},"author":1,"featured_media":0,"parent":0,"menu_order":0,"comment_status":"closed","ping_status":"closed","template":"elementor_header_footer","meta":{"om_disable_all_campaigns":false,"_monsterinsights_skip_tracking":false,"_monsterinsights_sitenote_active":false,"_monsterinsights_sitenote_note":"","_monsterinsights_sitenote_category":0,"_uf_show_specific_survey":0,"_uf_disable_surveys":false,"footnotes":""},"class_list":["post-843","page","type-page","status-publish","hentry"],"aioseo_notices":[],"_links":{"self":[{"href":"https:\/\/dktilspanien.dk\/en\/wp-json\/wp\/v2\/pages\/843","targetHints":{"allow":["GET"]}}],"collection":[{"href":"https:\/\/dktilspanien.dk\/en\/wp-json\/wp\/v2\/pages"}],"about":[{"href":"https:\/\/dktilspanien.dk\/en\/wp-json\/wp\/v2\/types\/page"}],"author":[{"embeddable":true,"href":"https:\/\/dktilspanien.dk\/en\/wp-json\/wp\/v2\/users\/1"}],"replies":[{"embeddable":true,"href":"https:\/\/dktilspanien.dk\/en\/wp-json\/wp\/v2\/comments?post=843"}],"version-history":[{"count":5,"href":"https:\/\/dktilspanien.dk\/en\/wp-json\/wp\/v2\/pages\/843\/revisions"}],"predecessor-version":[{"id":1546,"href":"https:\/\/dktilspanien.dk\/en\/wp-json\/wp\/v2\/pages\/843\/revisions\/1546"}],"wp:attachment":[{"href":"https:\/\/dktilspanien.dk\/en\/wp-json\/wp\/v2\/media?parent=843"}],"curies":[{"name":"wp","href":"https:\/\/api.w.org\/{rel}","templated":true}]}}